{"id":11,"date":"2024-02-18T12:17:09","date_gmt":"2024-02-18T11:17:09","guid":{"rendered":"https:\/\/xn--splo-cpab.fr\/?page_id=11"},"modified":"2024-05-12T15:33:14","modified_gmt":"2024-05-12T13:33:14","slug":"speleologie","status":"publish","type":"page","link":"https:\/\/xn--splo-cpab.fr\/index.php\/activites\/speleologie\/","title":{"rendered":"Sp\u00e9l\u00e9ologie"},"content":{"rendered":"\n<figure class=\"wp-block-image size-large\"><img loading=\"lazy\" decoding=\"async\" width=\"683\" height=\"1024\" src=\"https:\/\/xn--splo-cpab.fr\/wp-content\/uploads\/2024\/05\/andrew-svk-68Plfni3hys-unsplash-683x1024.jpg\" alt=\"\" class=\"wp-image-474\" srcset=\"https:\/\/xn--splo-cpab.fr\/wp-content\/uploads\/2024\/05\/andrew-svk-68Plfni3hys-unsplash-683x1024.jpg 683w, https:\/\/xn--splo-cpab.fr\/wp-content\/uploads\/2024\/05\/andrew-svk-68Plfni3hys-unsplash-200x300.jpg 200w, https:\/\/xn--splo-cpab.fr\/wp-content\/uploads\/2024\/05\/andrew-svk-68Plfni3hys-unsplash-768x1152.jpg 768w, https:\/\/xn--splo-cpab.fr\/wp-content\/uploads\/2024\/05\/andrew-svk-68Plfni3hys-unsplash-1024x1536.jpg 1024w, https:\/\/xn--splo-cpab.fr\/wp-content\/uploads\/2024\/05\/andrew-svk-68Plfni3hys-unsplash-scaled.jpg 1707w\" sizes=\"auto, (max-width: 683px) 100vw, 683px\" \/><\/figure>\n\n\n\n<p><\/p>\n\n\n\n<p>Quel monde merveilleux existe sous nos pas ? Les vacances ne sont elles pas propices \u00e0 exprimer notre curiosit\u00e9 ?<\/p>\n\n\n\n<p><br>La sp\u00e9l\u00e9ologie est une activit\u00e9 tr\u00e8s peu pratiqu\u00e9e et pourtant \u00f4 combien exceptionnelle ! B\u00e9n\u00e9ficiant d\u2019une r\u00e9putation \u00e0 l\u2019\u00e9troit, parfois extr\u00eame ou m\u00eame dangereuse, il n\u2019en est rien ! La sp\u00e9l\u00e9ologie est une activit\u00e9 pouvant proposer un panel technique tr\u00e8s vari\u00e9. Ajoutez \u00e0 cela la connaissance p\u00e9dagogique du moniteur, il en r\u00e9sulte qu\u2019il y a forcement un parcours qui correspond \u00e0 vos attentes. Et bien entendu, toutes nos activit\u00e9s ne pr\u00e9sentent pas plus de risque qu\u2019une simple randonn\u00e9e. Souvent amen\u00e9es sous forme de jeux, les \u00bbdifficult\u00e9s \u00bb seront alors souvent optionnelles et l\u2019ambiance \u00e9tant finalement tr\u00e8s d\u00e9contract\u00e9e, l\u2019effet de groupe et le moniteur (qui \u00e0 l\u2019habitude) pourront vous aider \u00e0 vaincre vos \u00e9ventuelles r\u00e9ticences.<\/p>\n\n\n\n<p class=\"has-text-align-left\"><br>Certes le d\u00e9cor reste inhabituel. Mais vos sens seront tant en \u00e9veil, que vous vivrez une exp\u00e9rience inoubliable. Mais n\u2019en parlez pas trop autour de vous car il n\u2019y que trop peu de cr\u00e9neaux chaque semaines ! Alors, je compte sur vous pour confirmer le fameux adage du monde de la sp\u00e9l\u00e9o : \u00bbtout ce qui se passe sous terre reste sous terre \u00bb !<\/p>\n","protected":false},"excerpt":{"rendered":"<p>Quel monde merveilleux existe sous nos pas ? Les vacances ne sont elles pas propices \u00e0 exprimer notre curiosit\u00e9 ? La sp\u00e9l\u00e9ologie est une activit\u00e9 tr\u00e8s peu pratiqu\u00e9e et pourtant \u00f4 combien exceptionnelle ! B\u00e9n\u00e9ficiant d\u2019une r\u00e9putation \u00e0 l\u2019\u00e9troit, parfois extr\u00eame ou m\u00eame dangereuse, il n\u2019en est rien ! La sp\u00e9l\u00e9ologie est une activit\u00e9 pouvant [&hellip;]<\/p>\n","protected":false},"author":1,"featured_media":0,"parent":525,"menu_order":0,"comment_status":"closed","ping_status":"closed","template":"","meta":{"footnotes":""},"class_list":["post-11","page","type-page","status-publish","hentry"],"yoast_head":"<!-- This site is optimized with the Yoast SEO plugin v23.8 - https:\/\/yoast.com\/wordpress\/plugins\/seo\/ -->\n<title>Sp\u00e9l\u00e9ologie - vert d&#039;eau terre La nature exceptionnelle attend votre visite<\/title>\n<meta name=\"robots\" content=\"index, follow, max-snippet:-1, max-image-preview:large, max-video-preview:-1\" \/>\n<link rel=\"canonical\" href=\"https:\/\/xn--splo-cpab.fr\/index.php\/activites\/speleologie\/\" \/>\n<meta property=\"og:locale\" content=\"fr_FR\" \/>\n<meta property=\"og:type\" content=\"article\" \/>\n<meta property=\"og:title\" content=\"Sp\u00e9l\u00e9ologie - vert d&#039;eau terre La nature exceptionnelle attend votre visite\" \/>\n<meta property=\"og:description\" content=\"Quel monde merveilleux existe sous nos pas ? Les vacances ne sont elles pas propices \u00e0 exprimer notre curiosit\u00e9 ? La sp\u00e9l\u00e9ologie est une activit\u00e9 tr\u00e8s peu pratiqu\u00e9e et pourtant \u00f4 combien exceptionnelle ! B\u00e9n\u00e9ficiant d\u2019une r\u00e9putation \u00e0 l\u2019\u00e9troit, parfois extr\u00eame ou m\u00eame dangereuse, il n\u2019en est rien ! La sp\u00e9l\u00e9ologie est une activit\u00e9 pouvant [&hellip;]\" \/>\n<meta property=\"og:url\" content=\"https:\/\/xn--splo-cpab.fr\/index.php\/activites\/speleologie\/\" \/>\n<meta property=\"og:site_name\" content=\"vert d&#039;eau terre La nature exceptionnelle attend votre visite\" \/>\n<meta property=\"article:modified_time\" content=\"2024-05-12T13:33:14+00:00\" \/>\n<meta property=\"og:image\" content=\"https:\/\/xn--splo-cpab.fr\/wp-content\/uploads\/2024\/05\/andrew-svk-68Plfni3hys-unsplash-683x1024.jpg\" \/>\n<meta name=\"twitter:card\" content=\"summary_large_image\" \/>\n<meta name=\"twitter:label1\" content=\"Dur\u00e9e de lecture estim\u00e9e\" \/>\n\t<meta name=\"twitter:data1\" content=\"2 minutes\" \/>\n<script type=\"application\/ld+json\" class=\"yoast-schema-graph\">{\"@context\":\"https:\/\/schema.org\",\"@graph\":[{\"@type\":\"WebPage\",\"@id\":\"https:\/\/xn--splo-cpab.fr\/index.php\/activites\/speleologie\/\",\"url\":\"https:\/\/xn--splo-cpab.fr\/index.php\/activites\/speleologie\/\",\"name\":\"Sp\u00e9l\u00e9ologie - vert d&#039;eau terre La nature exceptionnelle attend votre visite\",\"isPartOf\":{\"@id\":\"https:\/\/xn--splo-cpab.fr\/#website\"},\"primaryImageOfPage\":{\"@id\":\"https:\/\/xn--splo-cpab.fr\/index.php\/activites\/speleologie\/#primaryimage\"},\"image\":{\"@id\":\"https:\/\/xn--splo-cpab.fr\/index.php\/activites\/speleologie\/#primaryimage\"},\"thumbnailUrl\":\"https:\/\/xn--splo-cpab.fr\/wp-content\/uploads\/2024\/05\/andrew-svk-68Plfni3hys-unsplash-683x1024.jpg\",\"datePublished\":\"2024-02-18T11:17:09+00:00\",\"dateModified\":\"2024-05-12T13:33:14+00:00\",\"breadcrumb\":{\"@id\":\"https:\/\/xn--splo-cpab.fr\/index.php\/activites\/speleologie\/#breadcrumb\"},\"inLanguage\":\"fr-FR\",\"potentialAction\":[{\"@type\":\"ReadAction\",\"target\":[\"https:\/\/xn--splo-cpab.fr\/index.php\/activites\/speleologie\/\"]}]},{\"@type\":\"ImageObject\",\"inLanguage\":\"fr-FR\",\"@id\":\"https:\/\/xn--splo-cpab.fr\/index.php\/activites\/speleologie\/#primaryimage\",\"url\":\"https:\/\/xn--splo-cpab.fr\/wp-content\/uploads\/2024\/05\/andrew-svk-68Plfni3hys-unsplash-scaled.jpg\",\"contentUrl\":\"https:\/\/xn--splo-cpab.fr\/wp-content\/uploads\/2024\/05\/andrew-svk-68Plfni3hys-unsplash-scaled.jpg\",\"width\":1707,\"height\":2560},{\"@type\":\"BreadcrumbList\",\"@id\":\"https:\/\/xn--splo-cpab.fr\/index.php\/activites\/speleologie\/#breadcrumb\",\"itemListElement\":[{\"@type\":\"ListItem\",\"position\":1,\"name\":\"Accueil\",\"item\":\"https:\/\/xn--splo-cpab.fr\/\"},{\"@type\":\"ListItem\",\"position\":2,\"name\":\"Activit\u00e9s\",\"item\":\"https:\/\/xn--splo-cpab.fr\/index.php\/activites\/\"},{\"@type\":\"ListItem\",\"position\":3,\"name\":\"Sp\u00e9l\u00e9ologie\"}]},{\"@type\":\"WebSite\",\"@id\":\"https:\/\/xn--splo-cpab.fr\/#website\",\"url\":\"https:\/\/xn--splo-cpab.fr\/\",\"name\":\"vert d&#039;eau terre La nature exceptionnelle attend votre visite\",\"description\":\"Changez moi\",\"publisher\":{\"@id\":\"https:\/\/xn--splo-cpab.fr\/#organization\"},\"potentialAction\":[{\"@type\":\"SearchAction\",\"target\":{\"@type\":\"EntryPoint\",\"urlTemplate\":\"https:\/\/xn--splo-cpab.fr\/?s={search_term_string}\"},\"query-input\":{\"@type\":\"PropertyValueSpecification\",\"valueRequired\":true,\"valueName\":\"search_term_string\"}}],\"inLanguage\":\"fr-FR\"},{\"@type\":\"Organization\",\"@id\":\"https:\/\/xn--splo-cpab.fr\/#organization\",\"name\":\"vert d&#039;eau terre La nature exceptionnelle attend votre visite\",\"url\":\"https:\/\/xn--splo-cpab.fr\/\",\"logo\":{\"@type\":\"ImageObject\",\"inLanguage\":\"fr-FR\",\"@id\":\"https:\/\/xn--splo-cpab.fr\/#\/schema\/logo\/image\/\",\"url\":\"https:\/\/xn--splo-cpab.fr\/wp-content\/uploads\/2024\/02\/cropped-logo-VDT-2.jpg\",\"contentUrl\":\"https:\/\/xn--splo-cpab.fr\/wp-content\/uploads\/2024\/02\/cropped-logo-VDT-2.jpg\",\"width\":512,\"height\":512,\"caption\":\"vert d&#039;eau terre  La nature exceptionnelle attend votre visite\"},\"image\":{\"@id\":\"https:\/\/xn--splo-cpab.fr\/#\/schema\/logo\/image\/\"}}]}<\/script>\n<!-- \/ Yoast SEO plugin. -->","yoast_head_json":{"title":"Sp\u00e9l\u00e9ologie - vert d&#039;eau terre La nature exceptionnelle attend votre visite","robots":{"index":"index","follow":"follow","max-snippet":"max-snippet:-1","max-image-preview":"max-image-preview:large","max-video-preview":"max-video-preview:-1"},"canonical":"https:\/\/xn--splo-cpab.fr\/index.php\/activites\/speleologie\/","og_locale":"fr_FR","og_type":"article","og_title":"Sp\u00e9l\u00e9ologie - vert d&#039;eau terre La nature exceptionnelle attend votre visite","og_description":"Quel monde merveilleux existe sous nos pas ? Les vacances ne sont elles pas propices \u00e0 exprimer notre curiosit\u00e9 ? La sp\u00e9l\u00e9ologie est une activit\u00e9 tr\u00e8s peu pratiqu\u00e9e et pourtant \u00f4 combien exceptionnelle ! B\u00e9n\u00e9ficiant d\u2019une r\u00e9putation \u00e0 l\u2019\u00e9troit, parfois extr\u00eame ou m\u00eame dangereuse, il n\u2019en est rien ! La sp\u00e9l\u00e9ologie est une activit\u00e9 pouvant [&hellip;]","og_url":"https:\/\/xn--splo-cpab.fr\/index.php\/activites\/speleologie\/","og_site_name":"vert d&#039;eau terre La nature exceptionnelle attend votre visite","article_modified_time":"2024-05-12T13:33:14+00:00","og_image":[{"url":"https:\/\/xn--splo-cpab.fr\/wp-content\/uploads\/2024\/05\/andrew-svk-68Plfni3hys-unsplash-683x1024.jpg"}],"twitter_card":"summary_large_image","twitter_misc":{"Dur\u00e9e de lecture estim\u00e9e":"2 minutes"},"schema":{"@context":"https:\/\/schema.org","@graph":[{"@type":"WebPage","@id":"https:\/\/xn--splo-cpab.fr\/index.php\/activites\/speleologie\/","url":"https:\/\/xn--splo-cpab.fr\/index.php\/activites\/speleologie\/","name":"Sp\u00e9l\u00e9ologie - vert d&#039;eau terre La nature exceptionnelle attend votre visite","isPartOf":{"@id":"https:\/\/xn--splo-cpab.fr\/#website"},"primaryImageOfPage":{"@id":"https:\/\/xn--splo-cpab.fr\/index.php\/activites\/speleologie\/#primaryimage"},"image":{"@id":"https:\/\/xn--splo-cpab.fr\/index.php\/activites\/speleologie\/#primaryimage"},"thumbnailUrl":"https:\/\/xn--splo-cpab.fr\/wp-content\/uploads\/2024\/05\/andrew-svk-68Plfni3hys-unsplash-683x1024.jpg","datePublished":"2024-02-18T11:17:09+00:00","dateModified":"2024-05-12T13:33:14+00:00","breadcrumb":{"@id":"https:\/\/xn--splo-cpab.fr\/index.php\/activites\/speleologie\/#breadcrumb"},"inLanguage":"fr-FR","potentialAction":[{"@type":"ReadAction","target":["https:\/\/xn--splo-cpab.fr\/index.php\/activites\/speleologie\/"]}]},{"@type":"ImageObject","inLanguage":"fr-FR","@id":"https:\/\/xn--splo-cpab.fr\/index.php\/activites\/speleologie\/#primaryimage","url":"https:\/\/xn--splo-cpab.fr\/wp-content\/uploads\/2024\/05\/andrew-svk-68Plfni3hys-unsplash-scaled.jpg","contentUrl":"https:\/\/xn--splo-cpab.fr\/wp-content\/uploads\/2024\/05\/andrew-svk-68Plfni3hys-unsplash-scaled.jpg","width":1707,"height":2560},{"@type":"BreadcrumbList","@id":"https:\/\/xn--splo-cpab.fr\/index.php\/activites\/speleologie\/#breadcrumb","itemListElement":[{"@type":"ListItem","position":1,"name":"Accueil","item":"https:\/\/xn--splo-cpab.fr\/"},{"@type":"ListItem","position":2,"name":"Activit\u00e9s","item":"https:\/\/xn--splo-cpab.fr\/index.php\/activites\/"},{"@type":"ListItem","position":3,"name":"Sp\u00e9l\u00e9ologie"}]},{"@type":"WebSite","@id":"https:\/\/xn--splo-cpab.fr\/#website","url":"https:\/\/xn--splo-cpab.fr\/","name":"vert d&#039;eau terre La nature exceptionnelle attend votre visite","description":"Changez moi","publisher":{"@id":"https:\/\/xn--splo-cpab.fr\/#organization"},"potentialAction":[{"@type":"SearchAction","target":{"@type":"EntryPoint","urlTemplate":"https:\/\/xn--splo-cpab.fr\/?s={search_term_string}"},"query-input":{"@type":"PropertyValueSpecification","valueRequired":true,"valueName":"search_term_string"}}],"inLanguage":"fr-FR"},{"@type":"Organization","@id":"https:\/\/xn--splo-cpab.fr\/#organization","name":"vert d&#039;eau terre La nature exceptionnelle attend votre visite","url":"https:\/\/xn--splo-cpab.fr\/","logo":{"@type":"ImageObject","inLanguage":"fr-FR","@id":"https:\/\/xn--splo-cpab.fr\/#\/schema\/logo\/image\/","url":"https:\/\/xn--splo-cpab.fr\/wp-content\/uploads\/2024\/02\/cropped-logo-VDT-2.jpg","contentUrl":"https:\/\/xn--splo-cpab.fr\/wp-content\/uploads\/2024\/02\/cropped-logo-VDT-2.jpg","width":512,"height":512,"caption":"vert d&#039;eau terre  La nature exceptionnelle attend votre visite"},"image":{"@id":"https:\/\/xn--splo-cpab.fr\/#\/schema\/logo\/image\/"}}]}},"_links":{"self":[{"href":"https:\/\/xn--splo-cpab.fr\/index.php\/wp-json\/wp\/v2\/pages\/11","targetHints":{"allow":["GET"]}}],"collection":[{"href":"https:\/\/xn--splo-cpab.fr\/index.php\/wp-json\/wp\/v2\/pages"}],"about":[{"href":"https:\/\/xn--splo-cpab.fr\/index.php\/wp-json\/wp\/v2\/types\/page"}],"author":[{"embeddable":true,"href":"https:\/\/xn--splo-cpab.fr\/index.php\/wp-json\/wp\/v2\/users\/1"}],"replies":[{"embeddable":true,"href":"https:\/\/xn--splo-cpab.fr\/index.php\/wp-json\/wp\/v2\/comments?post=11"}],"version-history":[{"count":9,"href":"https:\/\/xn--splo-cpab.fr\/index.php\/wp-json\/wp\/v2\/pages\/11\/revisions"}],"predecessor-version":[{"id":591,"href":"https:\/\/xn--splo-cpab.fr\/index.php\/wp-json\/wp\/v2\/pages\/11\/revisions\/591"}],"up":[{"embeddable":true,"href":"https:\/\/xn--splo-cpab.fr\/index.php\/wp-json\/wp\/v2\/pages\/525"}],"wp:attachment":[{"href":"https:\/\/xn--splo-cpab.fr\/index.php\/wp-json\/wp\/v2\/media?parent=11"}],"curies":[{"name":"wp","href":"https:\/\/api.w.org\/{rel}","templated":true}]}}